{"id":14,"date":"2019-05-28T18:38:44","date_gmt":"2019-05-28T15:38:44","guid":{"rendered":"http:\/\/rokki-kokki.com\/wordpress\/?page_id=14"},"modified":"2025-04-20T10:10:48","modified_gmt":"2025-04-20T07:10:48","slug":"yhteystiedot","status":"publish","type":"page","link":"https:\/\/rokki-kokki.com\/wordpress\/yhteystiedot\/","title":{"rendered":"Yhteystiedot"},"content":{"rendered":"\n<h2 class=\"wp-block-heading\">Yhteystiedot<\/h2>\n\n\n\n<p>Puhelin: 0503456987 <\/p>\n\n\n\n<p>S\u00e4hk\u00f6posti: rokki-kokki@rokki-kokki.com<\/p>\n\n\n\n<p>Facebook: Lastenmusab\u00e4ndi Rokki-Kokki<\/p>\n\n\n\n<p>Facebook: Rokki-Kokki<\/p>\n\n\n\n<p>Instagram: Lastenmusab\u00e4ndi Rokki-Kokki <\/p>\n\n\n\n<figure class=\"wp-block-embed is-type-rich is-provider-spotify wp-block-embed-spotify wp-embed-aspect-21-9 wp-has-aspect-ratio\"><div class=\"wp-block-embed__wrapper\">\n<iframe title=\"Spotify Embed: Keltainen kumiankka\" style=\"border-radius: 12px\" width=\"100%\" height=\"352\" frameborder=\"0\" allowfullscreen allow=\"autoplay; clipboard-write; encrypted-media; fullscreen; picture-in-picture\" loading=\"lazy\" src=\"https:\/\/open.spotify.com\/embed\/album\/1eEd0WHchz6AqTngQtoFD0?si=BY4q8t0gQYaR0mlRtCkIKQ&#038;utm_source=oembed\"><\/iframe>\n<\/div><\/figure>\n","protected":false},"excerpt":{"rendered":"<p>Yhteystiedot Puhelin: 0503456987 S\u00e4hk\u00f6posti: rokki-kokki@rokki-kokki.com Facebook: Lastenmusab\u00e4ndi Rokki-Kokki Facebook: Rokki-Kokki Instagram: Lastenmusab\u00e4ndi Rokki-Kokki<\/p>\n","protected":false},"author":1,"featured_media":0,"parent":0,"menu_order":0,"comment_status":"closed","ping_status":"closed","template":"","meta":{"footnotes":""},"class_list":["post-14","page","type-page","status-publish","hentry"],"_links":{"self":[{"href":"https:\/\/rokki-kokki.com\/wordpress\/wp-json\/wp\/v2\/pages\/14","targetHints":{"allow":["GET"]}}],"collection":[{"href":"https:\/\/rokki-kokki.com\/wordpress\/wp-json\/wp\/v2\/pages"}],"about":[{"href":"https:\/\/rokki-kokki.com\/wordpress\/wp-json\/wp\/v2\/types\/page"}],"author":[{"embeddable":true,"href":"https:\/\/rokki-kokki.com\/wordpress\/wp-json\/wp\/v2\/users\/1"}],"replies":[{"embeddable":true,"href":"https:\/\/rokki-kokki.com\/wordpress\/wp-json\/wp\/v2\/comments?post=14"}],"version-history":[{"count":6,"href":"https:\/\/rokki-kokki.com\/wordpress\/wp-json\/wp\/v2\/pages\/14\/revisions"}],"predecessor-version":[{"id":478,"href":"https:\/\/rokki-kokki.com\/wordpress\/wp-json\/wp\/v2\/pages\/14\/revisions\/478"}],"wp:attachment":[{"href":"https:\/\/rokki-kokki.com\/wordpress\/wp-json\/wp\/v2\/media?parent=14"}],"curies":[{"name":"wp","href":"https:\/\/api.w.org\/{rel}","templated":true}]}}